{"id":440,"date":"2024-09-02T12:48:14","date_gmt":"2024-09-02T12:48:14","guid":{"rendered":"https:\/\/redunete.net\/home\/?page_id=440"},"modified":"2024-10-03T22:29:00","modified_gmt":"2024-10-03T22:29:00","slug":"libros","status":"publish","type":"page","link":"https:\/\/redunete.net\/home\/libros\/","title":{"rendered":"Libros"},"content":{"rendered":"\t\t<div data-elementor-type=\"wp-page\" data-elementor-id=\"440\" class=\"elementor elementor-440\">\n\t\t\t\t<div class=\"elementor-element elementor-element-37b0671 e-con-full e-flex e-con e-parent\" data-id=\"37b0671\" data-element_type=\"container\" data-e-type=\"container\">\n\t\t<div class=\"elementor-element elementor-element-2ed2dfb e-con-full e-flex e-con e-child\" data-id=\"2ed2dfb\" data-element_type=\"container\" data-e-type=\"container\" data-settings=\"{&quot;background_background&quot;:&quot;slideshow&quot;,&quot;background_slideshow_gallery&quot;:[{&quot;id&quot;:152,&quot;url&quot;:&quot;https:\\\/\\\/redunete.net\\\/home\\\/wp-content\\\/uploads\\\/2024\\\/09\\\/student-greeting-her-university-teacher-during-vir-2023-11-27-05-13-19-utc-scaled.jpg&quot;}],&quot;background_slideshow_slide_duration&quot;:5000,&quot;background_slideshow_slide_transition&quot;:&quot;fade&quot;,&quot;background_slideshow_transition_duration&quot;:500}\">\n\t\t\t\t<div class=\"elementor-element elementor-element-0b1cf75 elementor-widget elementor-widget-page-title\" data-id=\"0b1cf75\" data-element_type=\"widget\" data-e-type=\"widget\" data-widget_type=\"page-title.default\">\n\t\t\t\t<div class=\"elementor-widget-container\">\n\t\t\t\t\t\t\t\n\t\t<div class=\"hfe-page-title hfe-page-title-wrapper elementor-widget-heading\">\n\n\t\t\t\t\t\t\t\t\t\t\t<a href=\"https:\/\/redunete.net\/home\">\n\t\t\t\t\t\t<h2 class=\"elementor-heading-title elementor-size-default\">\n\t\t\t\t\t\t\t\t\n\t\t\t\tLibros  \n\t\t\t<\/h2 > \n\t\t\t\t\t\t\t\t\t<\/a>\n\t\t\t\t\t<\/div>\n\t\t\t\t\t\t<\/div>\n\t\t\t\t<\/div>\n\t\t\t\t<\/div>\n\t\t\t\t<\/div>\n\t\t<div class=\"elementor-element elementor-element-5674806 e-flex e-con-boxed e-con e-parent\" data-id=\"5674806\" data-element_type=\"container\" data-e-type=\"container\">\n\t\t\t\t\t<div class=\"e-con-inner\">\n\t\t<div class=\"elementor-element elementor-element-dd6866b e-con-full e-flex e-con e-child\" data-id=\"dd6866b\" data-element_type=\"container\" data-e-type=\"container\">\n\t\t\t\t<div class=\"elementor-element elementor-element-2f461b8 elementor-widget elementor-widget-ucaddon_icon_image_content_box\" data-id=\"2f461b8\" data-element_type=\"widget\" data-e-type=\"widget\" data-widget_type=\"ucaddon_icon_image_content_box.default\">\n\t\t\t\t<div class=\"elementor-widget-container\">\n\t\t\t\t\t\n<!-- start Icon Image Content Box -->\n\t\t<link id='font-awesome-css' href='https:\/\/redunete.net\/home\/wp-content\/plugins\/unlimited-elements-for-elementor-premium\/assets_libraries\/font-awesome6\/fontawesome-all.min.css' type='text\/css' rel='stylesheet' >\n\t\t<link id='font-awesome-4-shim-css' href='https:\/\/redunete.net\/home\/wp-content\/plugins\/unlimited-elements-for-elementor-premium\/assets_libraries\/font-awesome6\/fontawesome-v4-shims.min.css' type='text\/css' rel='stylesheet' >\n\n<style>\/* widget: Icon Image Content Box *\/\n\n#uc_icon_image_content_box_elementor_2f461b8 *{\n\tbox-sizing: border-box;\n}\t\t\t\t\t\t\t  \t\t\t\t\n\t\t\n#uc_icon_image_content_box_elementor_2f461b8 .uc_content_box_area{\n\toverflow: hidden;\n\tposition: relative;\n  text-align:center;\n}\n\n\n#uc_icon_image_content_box_elementor_2f461b8 .ue_badge{\n  position: absolute;\n    top: 16px;\n    right: -70px;transform: rotate(45deg);\t\n        padding: 5px 0px;\n    width: 200px;\n    text-align: center;\n    box-sizing: border-box;\n    z-index:2;\n}\n\n.ue_badge{\n  font-size:10px;\n  line-height:1em;\n}\n\t\n#uc_icon_image_content_box_elementor_2f461b8 .uc_thumb{\n\tmargin:0 0 -80px;\n}\n\n#uc_icon_image_content_box_elementor_2f461b8 .uc_thumb img{\n\tmax-width:100%;\n\twidth:100%;\n\tvertical-align:middle;\n    object-fit: cover;\n}\n\t\n#uc_icon_image_content_box_elementor_2f461b8 .uc_details{\n    padding:0 20px 30px;\n    position:relative;\n    text-align:center;\n\ttop:80px;\n    transition:all 0.3s ease 0s;\n    width:100%;\n    font-weight: 400;\n    line-height:1.5em;\n}\n\t\n#uc_icon_image_content_box_elementor_2f461b8 .uc_details .uc_details-icon{\n    display: block;\n\ttext-align:center;\n\tposition:relative;\n    z-index:1;\n}\n\t\n#uc_icon_image_content_box_elementor_2f461b8 .uc_details .uc_details-icon svg{\n  height:1em;\n  width:1em;\n}\n\t\n#uc_icon_image_content_box_elementor_2f461b8 .uc_details .uc_btn{\n    display: inline-block;\n    padding:10px 20px;\n    position: relative;\n\tposition:relative;\n\ttop:10px;\n    transition: all 0.3s ease-in-out 0s;\n\ttext-decoration:none;\n}\n\t\n#uc_icon_image_content_box_elementor_2f461b8 .uc_content_box_area:hover .uc_details{\n\ttop:0px;\n}\n\t\n#uc_icon_image_content_box_elementor_2f461b8 .uc_content_box_area:hover .uc_details .uc_btn{\n\ttop:0px;\n}\n\n.uc_title{\n  font-size:21px;\n}\n\n<\/style>\n\n\n<div class=\"uc_icon_image_content_box\" id=\"uc_icon_image_content_box_elementor_2f461b8\">\t\n\t<div class=\"uc_content_box_area\" >\n\t\t\n\t\t\t          \n\t\t\n\t\t<div class=\"uc_thumb\">\n\t\t\t<a href=\"https:\/\/redunete.net\/home\/experiencias-innovadoras-en-la-educacion-superior-colombiana-ano-2023\/\" >\n\t\t\t\t<img decoding=\"async\" src=\"https:\/\/redunete.net\/home\/wp-content\/uploads\/2024\/10\/Portada-pdf-Preliminares-visualizacion-del-fichero-Experiencias-preliminares-1.png\" alt=\"Portada pdf Preliminares visualizaci\u00f3n del fichero Experiencias (preliminares)-1\">\n\t\t\t<\/a>\n\t\t<\/div>\n\t\t<div class=\"uc_details\">\n\t\t\t<a class=\"uc_details-icon\" href=\"https:\/\/redunete.net\/home\/experiencias-innovadoras-en-la-educacion-superior-colombiana-ano-2023\/\" >\n\t\t\t\t<i class=''><\/i>\t\t\t\t\t\t\t<\/a>\n\t\t\t<a href=\"https:\/\/redunete.net\/home\/experiencias-innovadoras-en-la-educacion-superior-colombiana-ano-2023\/\" ><div class=\"uc_title\">Experiencias innovadoras en la educaci\u00f3n superior colombiana.  A\u00f1o 2023<\/div><\/a>\t\t\t<div class=\"uc_text\">\u00bfC\u00f3mo enfrentar los desaf\u00edos de la educaci\u00f3n en tiempos de pandemia? \u00bfQu\u00e9 herramientas y estrategias pueden utilizar las instituciones educativas para garantizar la calidad y la equidad en el aprendizaje? \u00bfQu\u00e9 experiencias exitosas se han desarrollado en Colombia para innovar en la educaci\u00f3n superior con el apoyo de la tecnolog\u00eda? Estas son ...<\/div>\t\t\t<a href=\"https:\/\/redunete.net\/home\/experiencias-innovadoras-en-la-educacion-superior-colombiana-ano-2023\/\" class=\"uc_btn\"  >Visitar<\/a>\t\t<\/div>\n\t<\/div>\n<\/div>\n<!-- end Icon Image Content Box -->\t\t\t\t<\/div>\n\t\t\t\t<\/div>\n\t\t\t\t<\/div>\n\t\t<div class=\"elementor-element elementor-element-38261d7 e-con-full e-flex e-con e-child\" data-id=\"38261d7\" data-element_type=\"container\" data-e-type=\"container\">\n\t\t\t\t<div class=\"elementor-element elementor-element-194bc0b elementor-widget elementor-widget-ucaddon_icon_image_content_box\" data-id=\"194bc0b\" data-element_type=\"widget\" data-e-type=\"widget\" data-widget_type=\"ucaddon_icon_image_content_box.default\">\n\t\t\t\t<div class=\"elementor-widget-container\">\n\t\t\t\t\t\n<!-- start Icon Image Content Box -->\n\n<style>\/* widget: Icon Image Content Box *\/\n\n#uc_icon_image_content_box_elementor_194bc0b *{\n\tbox-sizing: border-box;\n}\t\t\t\t\t\t\t  \t\t\t\t\n\t\t\n#uc_icon_image_content_box_elementor_194bc0b .uc_content_box_area{\n\toverflow: hidden;\n\tposition: relative;\n  text-align:center;\n}\n\n\n#uc_icon_image_content_box_elementor_194bc0b .ue_badge{\n  position: absolute;\n    top: 16px;\n    right: -70px;transform: rotate(45deg);\t\n        padding: 5px 0px;\n    width: 200px;\n    text-align: center;\n    box-sizing: border-box;\n    z-index:2;\n}\n\n.ue_badge{\n  font-size:10px;\n  line-height:1em;\n}\n\t\n#uc_icon_image_content_box_elementor_194bc0b .uc_thumb{\n\tmargin:0 0 -80px;\n}\n\n#uc_icon_image_content_box_elementor_194bc0b .uc_thumb img{\n\tmax-width:100%;\n\twidth:100%;\n\tvertical-align:middle;\n    object-fit: cover;\n}\n\t\n#uc_icon_image_content_box_elementor_194bc0b .uc_details{\n    padding:0 20px 30px;\n    position:relative;\n    text-align:center;\n\ttop:80px;\n    transition:all 0.3s ease 0s;\n    width:100%;\n    font-weight: 400;\n    line-height:1.5em;\n}\n\t\n#uc_icon_image_content_box_elementor_194bc0b .uc_details .uc_details-icon{\n    display: block;\n\ttext-align:center;\n\tposition:relative;\n    z-index:1;\n}\n\t\n#uc_icon_image_content_box_elementor_194bc0b .uc_details .uc_details-icon svg{\n  height:1em;\n  width:1em;\n}\n\t\n#uc_icon_image_content_box_elementor_194bc0b .uc_details .uc_btn{\n    display: inline-block;\n    padding:10px 20px;\n    position: relative;\n\tposition:relative;\n\ttop:10px;\n    transition: all 0.3s ease-in-out 0s;\n\ttext-decoration:none;\n}\n\t\n#uc_icon_image_content_box_elementor_194bc0b .uc_content_box_area:hover .uc_details{\n\ttop:0px;\n}\n\t\n#uc_icon_image_content_box_elementor_194bc0b .uc_content_box_area:hover .uc_details .uc_btn{\n\ttop:0px;\n}\n\n.uc_title{\n  font-size:21px;\n}\n\n<\/style>\n\n\n<div class=\"uc_icon_image_content_box\" id=\"uc_icon_image_content_box_elementor_194bc0b\">\t\n\t<div class=\"uc_content_box_area\" >\n\t\t\n\t\t\t          \n\t\t\n\t\t<div class=\"uc_thumb\">\n\t\t\t<a href=\"https:\/\/redunete.net\/home\/uso-transformador-de-tecnologias-digitales-en-educacion-superior\/\" >\n\t\t\t\t<img decoding=\"async\" src=\"https:\/\/redunete.net\/home\/wp-content\/uploads\/2024\/09\/libro_uso_transformador.webp\" alt=\"libro_uso_transformador\">\n\t\t\t<\/a>\n\t\t<\/div>\n\t\t<div class=\"uc_details\">\n\t\t\t<a class=\"uc_details-icon\" href=\"https:\/\/redunete.net\/home\/uso-transformador-de-tecnologias-digitales-en-educacion-superior\/\" >\n\t\t\t\t\t\t\t\t\t\t\t<\/a>\n\t\t\t<a href=\"https:\/\/redunete.net\/home\/uso-transformador-de-tecnologias-digitales-en-educacion-superior\/\" ><div class=\"uc_title\">Uso transformador de tecnolog\u00edas digitales en educaci\u00f3n superior<\/div><\/a>\t\t\t<div class=\"uc_text\">Este libro deja a consideraci\u00f3n de la comunidad acad\u00e9mica una colecci\u00f3n de trabajos hechos en el marco de la Red Universitaria para la Educaci\u00f3n con Tecnolog\u00eda (RedUnete), colaborativo en el que participan instituciones de educaci\u00f3n superior de Colombia y de Espa\u00f1a. El eje vertebrador del esfuerzo es el uso transformador de tecnolog\u00edas  ...<\/div>\t\t\t<a href=\"https:\/\/redunete.net\/home\/uso-transformador-de-tecnologias-digitales-en-educacion-superior\/\" class=\"uc_btn\"  >Visitar<\/a>\t\t<\/div>\n\t<\/div>\n<\/div>\n<!-- end Icon Image Content Box -->\t\t\t\t<\/div>\n\t\t\t\t<\/div>\n\t\t\t\t<\/div>\n\t\t<div class=\"elementor-element elementor-element-9b931a9 e-con-full e-flex e-con e-child\" data-id=\"9b931a9\" data-element_type=\"container\" data-e-type=\"container\">\n\t\t\t\t<\/div>\n\t\t\t\t\t<\/div>\n\t\t\t\t<\/div>\n\t\t\t\t<\/div>\n\t\t","protected":false},"excerpt":{"rendered":"<p>Libros Experiencias innovadoras en la educaci\u00f3n superior colombiana. A\u00f1o 2023 \u00bfC\u00f3mo enfrentar los desaf\u00edos de la educaci\u00f3n en tiempos de [&hellip;]<\/p>\n","protected":false},"author":1,"featured_media":0,"parent":0,"menu_order":0,"comment_status":"closed","ping_status":"closed","template":"","meta":{"site-sidebar-layout":"no-sidebar","site-content-layout":"","ast-site-content-layout":"full-width-container","site-content-style":"default","site-sidebar-style":"default","ast-global-header-display":"","ast-banner-title-visibility":"","ast-main-header-display":"","ast-hfb-above-header-display":"","ast-hfb-below-header-display":"","ast-hfb-mobile-header-display":"","site-post-title":"disabled","ast-breadcrumbs-content":"","ast-featured-img":"disabled","footer-sml-layout":"","ast-disable-related-posts":"","theme-transparent-header-meta":"","adv-header-id-meta":"","stick-header-meta":"","header-above-stick-meta":"","header-main-stick-meta":"","header-below-stick-meta":"","astra-migrate-meta-layouts":"default","ast-page-background-enabled":"default","ast-page-background-meta":{"desktop":{"background-color":"var(--ast-global-color-4)","background-image":"","background-repeat":"repeat","background-position":"center center","background-size":"auto","background-attachment":"scroll","background-type":"","background-media":"","overlay-type":"","overlay-color":"","overlay-opacity":"","overlay-gradient":""},"tablet":{"background-color":"","background-image":"","background-repeat":"repeat","background-position":"center center","background-size":"auto","background-attachment":"scroll","background-type":"","background-media":"","overlay-type":"","overlay-color":"","overlay-opacity":"","overlay-gradient":""},"mobile":{"background-color":"","background-image":"","background-repeat":"repeat","background-position":"center center","background-size":"auto","background-attachment":"scroll","background-type":"","background-media":"","overlay-type":"","overlay-color":"","overlay-opacity":"","overlay-gradient":""}},"ast-content-background-meta":{"desktop":{"background-color":"var(--ast-global-color-5)","background-image":"","background-repeat":"repeat","background-position":"center center","background-size":"auto","background-attachment":"scroll","background-type":"","background-media":"","overlay-type":"","overlay-color":"","overlay-opacity":"","overlay-gradient":""},"tablet":{"background-color":"var(--ast-global-color-5)","background-image":"","background-repeat":"repeat","background-position":"center center","background-size":"auto","background-attachment":"scroll","background-type":"","background-media":"","overlay-type":"","overlay-color":"","overlay-opacity":"","overlay-gradient":""},"mobile":{"background-color":"var(--ast-global-color-5)","background-image":"","background-repeat":"repeat","background-position":"center center","background-size":"auto","background-attachment":"scroll","background-type":"","background-media":"","overlay-type":"","overlay-color":"","overlay-opacity":"","overlay-gradient":""}},"footnotes":""},"class_list":["post-440","page","type-page","status-publish","hentry"],"_links":{"self":[{"href":"https:\/\/redunete.net\/home\/wp-json\/wp\/v2\/pages\/440","targetHints":{"allow":["GET"]}}],"collection":[{"href":"https:\/\/redunete.net\/home\/wp-json\/wp\/v2\/pages"}],"about":[{"href":"https:\/\/redunete.net\/home\/wp-json\/wp\/v2\/types\/page"}],"author":[{"embeddable":true,"href":"https:\/\/redunete.net\/home\/wp-json\/wp\/v2\/users\/1"}],"replies":[{"embeddable":true,"href":"https:\/\/redunete.net\/home\/wp-json\/wp\/v2\/comments?post=440"}],"version-history":[{"count":31,"href":"https:\/\/redunete.net\/home\/wp-json\/wp\/v2\/pages\/440\/revisions"}],"predecessor-version":[{"id":1348,"href":"https:\/\/redunete.net\/home\/wp-json\/wp\/v2\/pages\/440\/revisions\/1348"}],"wp:attachment":[{"href":"https:\/\/redunete.net\/home\/wp-json\/wp\/v2\/media?parent=440"}],"curies":[{"name":"wp","href":"https:\/\/api.w.org\/{rel}","templated":true}]}}